{"id":182410,"date":"2023-12-06T14:43:55","date_gmt":"2023-12-06T13:43:55","guid":{"rendered":"https:\/\/segkapital.com\/datenschutzbestimmungen\/"},"modified":"2025-08-11T13:14:39","modified_gmt":"2025-08-11T11:14:39","slug":"datenschutzbestimmungen","status":"publish","type":"page","link":"https:\/\/segkapital.com\/de\/datenschutzbestimmungen\/","title":{"rendered":"Datenschutzrichtlinie"},"content":{"rendered":"<p data-sourcepos=\"5:1-5:240\">SeG Kapital legt gro\u00dfen Wert auf den Schutz Ihrer pers\u00f6nlichen Daten. Diese Datenschutzerkl\u00e4rung erl\u00e4utert, welche Daten wir w\u00e4hrend Ihres Besuchs auf unserer Website erfassen, wie wir diese Daten verwenden und welche Rechte Ihnen zustehen.<\/p>\n<p data-sourcepos=\"7:1-7:23\"><strong>1. Verantwortlicher<\/strong><\/p>\n<p data-sourcepos=\"9:1-9:45\">Verantwortlich f\u00fcr die Datenverarbeitung ist:<\/p>\n<p data-sourcepos=\"11:1-14:16\">SeG Kapital GmbH<br \/>\nAm Zirkus 2<br \/>\n10117 Berlin, Deutschland<\/p>\n<p>Tel: +49 30 61288013<br \/>\nMail: info@segkapital.com<\/p>\n<p data-sourcepos=\"16:1-16:56\"><strong>2. Erhebung und Verarbeitung personenbezogener Daten<\/strong><\/p>\n<p data-sourcepos=\"18:1-18:26\"><strong>2.1 Besuch der Website<\/strong><\/p>\n<p data-sourcepos=\"20:1-20:125\">Bei jedem Besuch unserer Website erfassen wir automatisch bestimmte Informationen, die Ihr Browser \u00fcbermittelt. Dazu geh\u00f6ren:<\/p>\n<ul data-sourcepos=\"22:1-24:0\">\n<li data-sourcepos=\"22:1-22:263\"><strong>Technische Daten:<\/strong> Ihre IP-Adresse, das Datum und die Uhrzeit Ihres Besuchs, die von Ihnen verwendete Ger\u00e4teart (Computer, Smartphone, Tablet), das Betriebssystem, der Browsertyp und die Browserversion sowie Informationen \u00fcber die von Ihnen besuchten Seiten.<\/li>\n<li data-sourcepos=\"23:1-24:0\"><strong>Nutzungsverhalten:<\/strong> Informationen dar\u00fcber, wie Sie unsere Website nutzen, beispielsweise welche Seiten Sie aufrufen, wie lange Sie sich auf den einzelnen Seiten aufhalten und welche Links Sie anklicken.<\/li>\n<\/ul>\n<p data-sourcepos=\"25:1-25:140\">Diese Daten werden ausschlie\u00dflich zu statistischen Zwecken ausgewertet, um unsere Website zu optimieren und nutzerfreundlicher zu gestalten.<\/p>\n<p data-sourcepos=\"27:1-27:23\"><strong>2.2 Kontaktformular<\/strong><\/p>\n<p data-sourcepos=\"29:1-29:228\">Wenn Sie unser Kontaktformular nutzen, um mit uns in Kontakt zu treten, werden die von Ihnen angegebenen personenbezogenen Daten (Name, E-Mail-Adresse, Telefonnummer und Ihre Nachricht) zur Bearbeitung Ihrer Anfrage gespeichert.<\/p>\n<p data-sourcepos=\"31:1-31:18\"><strong>2.3 Newsletter<\/strong><\/p>\n<p data-sourcepos=\"33:1-33:342\">Wenn Sie sich f\u00fcr unseren Newsletter anmelden, verwenden wir Ihre E-Mail-Adresse, um Ihnen regelm\u00e4\u00dfig Informationen zu unseren Produkten und Dienstleistungen zuzusenden. Ihre Anmeldung erfolgt dabei nach dem Double-Opt-in-Verfahren, d.h. Sie erhalten nach Ihrer Anmeldung eine Best\u00e4tigungs-E-Mail, in der Sie Ihre Anmeldung best\u00e4tigen m\u00fcssen.<\/p>\n<p data-sourcepos=\"35:1-35:15\"><strong>2.4 Cookies<\/strong><\/p>\n<p data-sourcepos=\"37:1-37:415\">Wir verwenden Cookies, um Ihren Besuch auf unserer Website zu optimieren. Cookies sind kleine Textdateien, die auf Ihrem Computer gespeichert werden und es uns erm\u00f6glichen, Ihren Browser wiederzuerkennen. <span class=\"citation-0 citation-end-0\">Sie k\u00f6nnen die Speicherung von Cookies durch eine entsprechende Einstellung in Ihrem Browser verhindern. Bitte beachten Sie,<\/span> dass die Funktionalit\u00e4t unserer Website dadurch eingeschr\u00e4nkt sein kann.<span class=\"button-container ng-star-inserted\"> \u00a0<\/span><\/p>\n<div class=\"container ng-tns-c3036614052-53 hide\">\n<div class=\"carousel-container ng-tns-c3036614052-53\">\n<div class=\"carousel-content ng-tns-c3036614052-53\">\n<div class=\"sources-carousel-source ng-tns-c3036614052-53 hide ng-star-inserted\" data-test-id=\"sources-carousel-source\"><\/div>\n<\/div>\n<\/div>\n<\/div>\n<p data-sourcepos=\"39:1-39:48\"><strong>3. Rechtsgrundlage f\u00fcr die Datenverarbeitung<\/strong><\/p>\n<p data-sourcepos=\"41:1-41:96\">Die Verarbeitung Ihrer personenbezogenen Daten erfolgt auf Grundlage folgender Rechtsgrundlagen:<\/p>\n<ul data-sourcepos=\"43:1-46:0\">\n<li data-sourcepos=\"43:1-43:268\"><strong>Art. 6 Abs. 1 lit. f DSGVO (berechtigtes Interesse):<\/strong> Die Verarbeitung ist zur Wahrung unserer berechtigten Interessen erforderlich, beispielsweise zur Bereitstellung unserer Website, zur Verbesserung unserer Dienstleistungen und zur Analyse des Nutzerverhaltens.<\/li>\n<li data-sourcepos=\"44:1-44:165\"><strong>Art. 6 Abs. 1 lit. b DSGVO (Vertragserf\u00fcllung):<\/strong> Wenn Sie unsere Dienste in Anspruch nehmen, verarbeiten wir Ihre Daten zur Erf\u00fcllung des Vertragsverh\u00e4ltnisses.<\/li>\n<li data-sourcepos=\"45:1-46:0\"><strong>Art. 6 Abs. 1 lit. a DSGVO (Einwilligung):<\/strong> In bestimmten F\u00e4llen, beispielsweise bei der Anmeldung zum Newsletter, ben\u00f6tigen wir Ihre ausdr\u00fcckliche Einwilligung zur Verarbeitung Ihrer personenbezogenen Daten.<\/li>\n<\/ul>\n<p data-sourcepos=\"47:1-47:27\"><strong>4. Weitergabe von Daten<\/strong><\/p>\n<p data-sourcepos=\"49:1-49:100\">Grunds\u00e4tzlich geben wir Ihre personenbezogenen Daten nicht an Dritte weiter. Ausnahmen gelten, wenn:<\/p>\n<ul data-sourcepos=\"51:1-55:0\">\n<li data-sourcepos=\"51:1-51:56\">Sie ausdr\u00fccklich in die Weitergabe eingewilligt haben.<\/li>\n<li data-sourcepos=\"52:1-52:73\">Die Weitergabe zur Erf\u00fcllung eines Vertrags mit Ihnen erforderlich ist.<\/li>\n<li data-sourcepos=\"53:1-53:50\">Wir gesetzlich zur Weitergabe verpflichtet sind.<\/li>\n<li data-sourcepos=\"54:1-55:0\">Die Weitergabe zur Wahrung berechtigter Interessen erforderlich ist und Ihre Interessen, Grundrechte und Grundfreiheiten nicht \u00fcberwiegen.<\/li>\n<\/ul>\n<p data-sourcepos=\"56:1-56:22\"><strong>5. Datensicherheit<\/strong><\/p>\n<p data-sourcepos=\"58:1-58:144\">Wir treffen technische und organisatorische Ma\u00dfnahmen, um Ihre Daten gegen Verlust, Zerst\u00f6rung, Manipulation und unbefugten Zugriff zu sch\u00fctzen.<\/p>\n<p data-sourcepos=\"60:1-60:18\"><strong>6. Ihre Rechte<\/strong><\/p>\n<p data-sourcepos=\"62:1-62:46\">Als betroffene Person haben Sie das Recht auf:<\/p>\n<ul data-sourcepos=\"64:1-70:0\">\n<li data-sourcepos=\"64:1-64:101\"><strong>Auskunft:<\/strong> Sie k\u00f6nnen jederzeit Auskunft \u00fcber die zu Ihrer Person gespeicherten Daten verlangen.<\/li>\n<li data-sourcepos=\"65:1-65:103\"><strong>Berichtigung:<\/strong> Sollten unrichtige Daten gespeichert sein, k\u00f6nnen Sie deren Berichtigung verlangen.<\/li>\n<li data-sourcepos=\"66:1-66:101\"><strong>L\u00f6schung:<\/strong> Unter bestimmten Voraussetzungen k\u00f6nnen Sie <span class=\"citation-1\">die L\u00f6schung Ihrer Daten verlangen.<\/span><\/li>\n<li data-sourcepos=\"67:1-67:113\"><strong><span class=\"citation-1\">Einschr\u00e4nkung der Verarbeitung:<\/span><\/strong><span class=\"citation-1 citation-end-1\"> Sie k\u00f6nnen die Einschr\u00e4nkung der Verarbeitung Ihrer Daten<\/span> verlangen.<span class=\"button-container ng-star-inserted\"> \u00a0<\/span><\/li>\n<li data-sourcepos=\"68:1-68:215\"><strong><span class=\"citation-2\">Daten\u00fcbertragbarkeit:<\/span><\/strong><span class=\"citation-2 citation-end-2\"> Sie haben das Recht, Ihre Daten in einem strukturierten, g\u00e4ngigen und maschinenlesbaren Format zu erhalten<\/span> oder <span class=\"citation-3\">an einen anderen Verantwortlichen \u00fcbermitteln zu lassen.<\/span><span class=\"button-container ng-star-inserted\">\u00a0 \u00a0<\/span>\n<div class=\"container ng-tns-c3036614052-55 hide\">\n<div class=\"carousel-container ng-tns-c3036614052-55\"><\/div>\n<\/div>\n<\/li>\n<li data-sourcepos=\"69:1-70:0\"><strong><span class=\"citation-3\">Widerspruch:<\/span><\/strong><span class=\"citation-3 citation-end-3\"> Sie k\u00f6nnen der Verarbeitung Ihrer Daten jederzeit widersprechen.<\/span><span class=\"button-container ng-star-inserted\"><br \/>\n<\/span><\/li>\n<\/ul>\n<p data-sourcepos=\"71:1-71:57\"><strong>7. <span class=\"citation-4\">\u00c4nderungen dieser Datenschutzerkl<\/span><span class=\"citation-4 citation-5\">\u00e4rung<\/span><\/strong><\/p>\n<p data-sourcepos=\"73:1-73:154\"><span class=\"citation-4 citation-5 citation-end-4\">Wir behalten uns das Recht vor, diese Datenschutzerkl\u00e4rung jederzeit zu \u00e4ndern.<\/span><span class=\"citation-5 citation-end-5\"> Die jeweils aktuelle Fassung finden Sie auf unserer Website.<\/span><span class=\"button-container ng-star-inserted\">\u00a0 \u00a0<\/span><\/p>\n<div class=\"container ng-tns-c3036614052-57 hide\">\n<div class=\"carousel-container ng-tns-c3036614052-57\">\n<div class=\"carousel-content ng-tns-c3036614052-57\">\n<div class=\"sources-carousel-source ng-tns-c3036614052-57 hide ng-star-inserted\" data-test-id=\"sources-carousel-source\"><\/div>\n<div class=\"sources-carousel-source ng-tns-c3036614052-57 hide ng-star-inserted\" data-test-id=\"sources-carousel-source\"><\/div>\n<\/div>\n<\/div>\n<\/div>\n<p data-sourcepos=\"75:1-75:22\"><strong>8. Kontaktaufnahme<\/strong><\/p>\n<p data-sourcepos=\"77:1-77:119\">Wenn Sie Fragen zu dieser Datenschutzerkl\u00e4rung haben oder Ihre Rechte geltend machen m\u00f6chten, wenden Sie sich bitte an:<\/p>\n<p data-sourcepos=\"79:1-79:19\">SeG Kapital GmbH<br \/>\nAm Zirkus 2<br \/>\n10117 Berlin, Deutschland<\/p>\n<p>Tel: +49 30 61288013<br \/>\nMail: info@segkapital.com<\/p>\n","protected":false},"excerpt":{"rendered":"<p>SeG Kapital legt gro\u00dfen Wert auf den Schutz Ihrer pers\u00f6nlichen Daten. Diese Datenschutzerkl\u00e4rung erl\u00e4utert, welche Daten wir w\u00e4hrend Ihres Besuchs auf unserer Website erfassen, wie wir diese Daten verwenden und welche Rechte Ihnen zustehen. 1. Verantwortlicher Verantwortlich f\u00fcr die Datenverarbeitung ist: SeG Kapital GmbH Am Zirkus 2 10117 Berlin, Deutschland Tel: +49 30 61288013 Mail: [&hellip;]<\/p>\n","protected":false},"author":1,"featured_media":0,"parent":0,"menu_order":0,"comment_status":"closed","ping_status":"closed","template":"template-full-width.php","meta":{"footnotes":""},"coauthors":[120],"class_list":["post-182410","page","type-page","status-publish","hentry"],"yoast_head":"<!-- This site is optimized with the Yoast SEO plugin v21.8 - https:\/\/yoast.com\/wordpress\/plugins\/seo\/ -->\n<title>Datenschutzrichtlinie - Segkapital<\/title>\n<meta name=\"robots\" content=\"index, follow, max-snippet:-1, max-image-preview:large, max-video-preview:-1\" \/>\n<link rel=\"canonical\" href=\"https:\/\/segkapital.com\/de\/datenschutzbestimmungen\/\" \/>\n<meta property=\"og:locale\" content=\"de_DE\" \/>\n<meta property=\"og:type\" content=\"article\" \/>\n<meta property=\"og:title\" content=\"Datenschutzrichtlinie - Segkapital\" \/>\n<meta property=\"og:description\" content=\"SeG Kapital legt gro\u00dfen Wert auf den Schutz Ihrer pers\u00f6nlichen Daten. Diese Datenschutzerkl\u00e4rung erl\u00e4utert, welche Daten wir w\u00e4hrend Ihres Besuchs auf unserer Website erfassen, wie wir diese Daten verwenden und welche Rechte Ihnen zustehen. 1. Verantwortlicher Verantwortlich f\u00fcr die Datenverarbeitung ist: SeG Kapital GmbH Am Zirkus 2 10117 Berlin, Deutschland Tel: +49 30 61288013 Mail: [&hellip;]\" \/>\n<meta property=\"og:url\" content=\"https:\/\/segkapital.com\/de\/datenschutzbestimmungen\/\" \/>\n<meta property=\"og:site_name\" content=\"Segkapital\" \/>\n<meta property=\"article:modified_time\" content=\"2025-08-11T11:14:39+00:00\" \/>\n<meta name=\"twitter:card\" content=\"summary_large_image\" \/>\n<meta name=\"twitter:label1\" content=\"Gesch\u00e4tzte Lesezeit\" \/>\n\t<meta name=\"twitter:data1\" content=\"3\u00a0Minuten\" \/>\n\t<meta name=\"twitter:label2\" content=\"Written by\" \/>\n\t<meta name=\"twitter:data2\" content=\"SeG Kapital\" \/>\n<script type=\"application\/ld+json\" class=\"yoast-schema-graph\">{\"@context\":\"https:\/\/schema.org\",\"@graph\":[{\"@type\":\"WebPage\",\"@id\":\"https:\/\/segkapital.com\/de\/datenschutzbestimmungen\/\",\"url\":\"https:\/\/segkapital.com\/de\/datenschutzbestimmungen\/\",\"name\":\"Datenschutzrichtlinie - Segkapital\",\"isPartOf\":{\"@id\":\"https:\/\/segkapital.com\/de\/#website\"},\"datePublished\":\"2023-12-06T13:43:55+00:00\",\"dateModified\":\"2025-08-11T11:14:39+00:00\",\"breadcrumb\":{\"@id\":\"https:\/\/segkapital.com\/de\/datenschutzbestimmungen\/#breadcrumb\"},\"inLanguage\":\"de\",\"potentialAction\":[{\"@type\":\"ReadAction\",\"target\":[\"https:\/\/segkapital.com\/de\/datenschutzbestimmungen\/\"]}]},{\"@type\":\"BreadcrumbList\",\"@id\":\"https:\/\/segkapital.com\/de\/datenschutzbestimmungen\/#breadcrumb\",\"itemListElement\":[{\"@type\":\"ListItem\",\"position\":1,\"name\":\"Home\",\"item\":\"https:\/\/segkapital.com\/de\/\"},{\"@type\":\"ListItem\",\"position\":2,\"name\":\"Datenschutzrichtlinie\"}]},{\"@type\":\"WebSite\",\"@id\":\"https:\/\/segkapital.com\/de\/#website\",\"url\":\"https:\/\/segkapital.com\/de\/\",\"name\":\"SeG Kapital\",\"description\":\"\",\"publisher\":{\"@id\":\"https:\/\/segkapital.com\/de\/#organization\"},\"potentialAction\":[{\"@type\":\"SearchAction\",\"target\":{\"@type\":\"EntryPoint\",\"urlTemplate\":\"https:\/\/segkapital.com\/de\/?s={search_term_string}\"},\"query-input\":\"required name=search_term_string\"}],\"inLanguage\":\"de\"},{\"@type\":\"Organization\",\"@id\":\"https:\/\/segkapital.com\/de\/#organization\",\"name\":\"SeG Kapital\",\"url\":\"https:\/\/segkapital.com\/de\/\",\"logo\":{\"@type\":\"ImageObject\",\"inLanguage\":\"de\",\"@id\":\"https:\/\/segkapital.com\/de\/#\/schema\/logo\/image\/\",\"url\":\"https:\/\/segkapital.com\/wp-content\/uploads\/2024\/01\/SeG_final_logo_versions_rgb_transparent_red.png\",\"contentUrl\":\"https:\/\/segkapital.com\/wp-content\/uploads\/2024\/01\/SeG_final_logo_versions_rgb_transparent_red.png\",\"width\":1275,\"height\":214,\"caption\":\"SeG Kapital\"},\"image\":{\"@id\":\"https:\/\/segkapital.com\/de\/#\/schema\/logo\/image\/\"}}]}<\/script>\n<!-- \/ Yoast SEO plugin. -->","yoast_head_json":{"title":"Datenschutzrichtlinie - Segkapital","robots":{"index":"index","follow":"follow","max-snippet":"max-snippet:-1","max-image-preview":"max-image-preview:large","max-video-preview":"max-video-preview:-1"},"canonical":"https:\/\/segkapital.com\/de\/datenschutzbestimmungen\/","og_locale":"de_DE","og_type":"article","og_title":"Datenschutzrichtlinie - Segkapital","og_description":"SeG Kapital legt gro\u00dfen Wert auf den Schutz Ihrer pers\u00f6nlichen Daten. Diese Datenschutzerkl\u00e4rung erl\u00e4utert, welche Daten wir w\u00e4hrend Ihres Besuchs auf unserer Website erfassen, wie wir diese Daten verwenden und welche Rechte Ihnen zustehen. 1. Verantwortlicher Verantwortlich f\u00fcr die Datenverarbeitung ist: SeG Kapital GmbH Am Zirkus 2 10117 Berlin, Deutschland Tel: +49 30 61288013 Mail: [&hellip;]","og_url":"https:\/\/segkapital.com\/de\/datenschutzbestimmungen\/","og_site_name":"Segkapital","article_modified_time":"2025-08-11T11:14:39+00:00","twitter_card":"summary_large_image","twitter_misc":{"Gesch\u00e4tzte Lesezeit":"3\u00a0Minuten","Written by":"SeG Kapital"},"schema":{"@context":"https:\/\/schema.org","@graph":[{"@type":"WebPage","@id":"https:\/\/segkapital.com\/de\/datenschutzbestimmungen\/","url":"https:\/\/segkapital.com\/de\/datenschutzbestimmungen\/","name":"Datenschutzrichtlinie - Segkapital","isPartOf":{"@id":"https:\/\/segkapital.com\/de\/#website"},"datePublished":"2023-12-06T13:43:55+00:00","dateModified":"2025-08-11T11:14:39+00:00","breadcrumb":{"@id":"https:\/\/segkapital.com\/de\/datenschutzbestimmungen\/#breadcrumb"},"inLanguage":"de","potentialAction":[{"@type":"ReadAction","target":["https:\/\/segkapital.com\/de\/datenschutzbestimmungen\/"]}]},{"@type":"BreadcrumbList","@id":"https:\/\/segkapital.com\/de\/datenschutzbestimmungen\/#breadcrumb","itemListElement":[{"@type":"ListItem","position":1,"name":"Home","item":"https:\/\/segkapital.com\/de\/"},{"@type":"ListItem","position":2,"name":"Datenschutzrichtlinie"}]},{"@type":"WebSite","@id":"https:\/\/segkapital.com\/de\/#website","url":"https:\/\/segkapital.com\/de\/","name":"SeG Kapital","description":"","publisher":{"@id":"https:\/\/segkapital.com\/de\/#organization"},"potentialAction":[{"@type":"SearchAction","target":{"@type":"EntryPoint","urlTemplate":"https:\/\/segkapital.com\/de\/?s={search_term_string}"},"query-input":"required name=search_term_string"}],"inLanguage":"de"},{"@type":"Organization","@id":"https:\/\/segkapital.com\/de\/#organization","name":"SeG Kapital","url":"https:\/\/segkapital.com\/de\/","logo":{"@type":"ImageObject","inLanguage":"de","@id":"https:\/\/segkapital.com\/de\/#\/schema\/logo\/image\/","url":"https:\/\/segkapital.com\/wp-content\/uploads\/2024\/01\/SeG_final_logo_versions_rgb_transparent_red.png","contentUrl":"https:\/\/segkapital.com\/wp-content\/uploads\/2024\/01\/SeG_final_logo_versions_rgb_transparent_red.png","width":1275,"height":214,"caption":"SeG Kapital"},"image":{"@id":"https:\/\/segkapital.com\/de\/#\/schema\/logo\/image\/"}}]}},"_links":{"self":[{"href":"https:\/\/segkapital.com\/de\/wp-json\/wp\/v2\/pages\/182410","targetHints":{"allow":["GET"]}}],"collection":[{"href":"https:\/\/segkapital.com\/de\/wp-json\/wp\/v2\/pages"}],"about":[{"href":"https:\/\/segkapital.com\/de\/wp-json\/wp\/v2\/types\/page"}],"author":[{"embeddable":true,"href":"https:\/\/segkapital.com\/de\/wp-json\/wp\/v2\/users\/1"}],"replies":[{"embeddable":true,"href":"https:\/\/segkapital.com\/de\/wp-json\/wp\/v2\/comments?post=182410"}],"version-history":[{"count":5,"href":"https:\/\/segkapital.com\/de\/wp-json\/wp\/v2\/pages\/182410\/revisions"}],"predecessor-version":[{"id":183780,"href":"https:\/\/segkapital.com\/de\/wp-json\/wp\/v2\/pages\/182410\/revisions\/183780"}],"wp:attachment":[{"href":"https:\/\/segkapital.com\/de\/wp-json\/wp\/v2\/media?parent=182410"}],"wp:term":[{"taxonomy":"author","embeddable":true,"href":"https:\/\/segkapital.com\/de\/wp-json\/wp\/v2\/coauthors?post=182410"}],"curies":[{"name":"wp","href":"https:\/\/api.w.org\/{rel}","templated":true}]}}