{"id":182424,"date":"2023-12-06T14:50:35","date_gmt":"2023-12-06T13:50:35","guid":{"rendered":"https:\/\/segkapital.com\/bedingungen-und-konditionen\/"},"modified":"2024-10-02T14:37:06","modified_gmt":"2024-10-02T12:37:06","slug":"agb","status":"publish","type":"page","link":"https:\/\/segkapital.com\/de\/agb\/","title":{"rendered":"AGB"},"content":{"rendered":"<h1 data-sourcepos=\"1:1-1:24\"><strong>Allgemeine Gesch\u00e4ftsbedingungen<\/strong><\/h1>\n<p data-sourcepos=\"3:1-3:34\"><strong>Zuletzt aktualisiert: Dezember 6, 2023<\/strong><\/p>\n<h2 data-sourcepos=\"5:1-5:19\"><strong>1. Einf\u00fchrung<\/strong><\/h2>\n<p data-sourcepos=\"7:1-7:230\">Willkommen auf unserer Website, www.segkapital.com.<br \/>\nDurch den Zugriff auf oder die Nutzung unserer Website, <span class=\"citation-0 citation-end-0\">erkl\u00e4ren Sie sich mit diesen Bedingungen und Konditionen einverstanden.<br \/>\nWenn Sie diesen Bedingungen nicht zustimmen, d\u00fcrfen Sie nicht auf die Website zugreifen oder <\/span> unsere Website nutzen.<\/p>\n<h2 data-sourcepos=\"9:1-9:38\"><strong>2. Eigentum an der Website und den Inhalten<\/strong><\/h2>\n<p data-sourcepos=\"11:1-11:238\">Der Inhalt unserer Website, einschlie\u00dflich Texten, Bildern, Software und anderen Materialien, ist unser Eigentum oder das unserer Lizenzgeber.<br \/>\nSie d\u00fcrfen diese Inhalte ohne unsere vorherige schriftliche Zustimmung nicht kopieren, reproduzieren, verteilen, ver\u00e4ndern, anzeigen oder anderweitig nutzen.<\/p>\n<h2 data-sourcepos=\"13:1-13:28\"><strong>3. Verbotene Aktivit\u00e4ten<\/strong><\/h2>\n<p data-sourcepos=\"15:1-15:55\">Die folgenden Aktivit\u00e4ten sind auf unserer Website verboten:<\/p>\n<ul data-sourcepos=\"17:1-21:0\">\n<li data-sourcepos=\"17:1-17:43\">Die Nutzung unserer Website f\u00fcr einen illegalen Zweck<\/li>\n<li data-sourcepos=\"18:1-18:103\">\u00dcbermittlung oder Ver\u00f6ffentlichung von Material, das sch\u00e4dlich, obsz\u00f6n, verleumderisch oder anderweitig anst\u00f6\u00dfig ist<\/li>\n<li data-sourcepos=\"19:1-19:88\">Beeintr\u00e4chtigung des Betriebs unserer Website oder der Nutzung unserer Website durch andere<\/li>\n<li data-sourcepos=\"20:1-21:0\">Versto\u00df gegen eine dieser Bedingungen und Konditionen<\/li>\n<\/ul>\n<h2 data-sourcepos=\"22:1-22:23\"><strong>4. Rechte auf Zugang<\/strong><\/h2>\n<p data-sourcepos=\"24:1-24:116\">Wir behalten uns das Recht vor, Ihren Zugang zu unserer Website aus beliebigen Gr\u00fcnden ohne Vorank\u00fcndigung oder Haftung auszusetzen oder zu beenden.<\/p>\n<h2 data-sourcepos=\"26:1-26:18\"><strong>5. Beschr\u00e4nkungen<\/strong><\/h2>\n<p data-sourcepos=\"28:1-28:171\">Wir haften nicht f\u00fcr Sch\u00e4den, einschlie\u00dflich direkter, indirekter, zuf\u00e4lliger, spezieller oder Folgesch\u00e4den, die aus oder in Verbindung mit Ihrer Nutzung unserer Website entstehen.<\/p>\n<h2 data-sourcepos=\"30:1-30:21\"><strong>6. Datenschutzrichtlinie<\/strong><\/h2>\n<p data-sourcepos=\"32:1-32:132\">Unsere Datenschutzrichtlinie erkl\u00e4rt, wie wir Ihre pers\u00f6nlichen Daten sammeln, verwenden und weitergeben.<br \/>\nBitte lesen Sie unsere Datenschutzrichtlinien sorgf\u00e4ltig durch.<\/p>\n<h2 data-sourcepos=\"34:1-34:20\"><strong>7. Geltendes Recht<\/strong><\/h2>\n<p data-sourcepos=\"36:1-36:109\">Diese Allgemeinen Gesch\u00e4ftsbedingungen unterliegen dem deutschen Recht und werden nach diesem ausgelegt.<\/p>\n<h2 data-sourcepos=\"38:1-38:25\"><strong>8. <span class=\"citation-1\">Trennbarkeit<\/span><\/strong><\/h2>\n<p data-sourcepos=\"40:1-40:237\"><span class=\"citation-1\">Sollte eine Bestimmung dieser Bedingungen und Konditionen <\/span><span class=\"citation-1 citation-2 citation-end-1\">f\u00fcr ung\u00fcltig oder nicht durchsetzbar erkl\u00e4rt wird, wird diese Bestimmung<\/span><span class=\"citation-2 citation-end-2\"> aus diesen Allgemeinen Gesch\u00e4ftsbedingungen gestrichen und die \u00fcbrigen Bestimmungen bleiben in vollem Umfang in Kraft und wirksam.<\/span><\/p>\n<h2 data-sourcepos=\"42:1-42:23\"><strong>9. Gesamte Vereinbarung<\/strong><\/h2>\n<p data-sourcepos=\"44:1-44:118\">Diese Allgemeinen Gesch\u00e4ftsbedingungen stellen die gesamte Vereinbarung zwischen Ihnen und uns in Bezug auf die Nutzung unserer Website dar.<\/p>\n<h2 data-sourcepos=\"46:1-46:18\"><strong>10. Kontaktieren Sie uns<\/strong><\/h2>\n<p data-sourcepos=\"48:1-48:97\">Wenn Sie Fragen zu diesen Allgemeinen Gesch\u00e4ftsbedingungen haben, kontaktieren Sie uns bitte unter info@segkapital.com.<\/p>\n","protected":false},"excerpt":{"rendered":"<p>Allgemeine Gesch\u00e4ftsbedingungen Zuletzt aktualisiert: Dezember 6, 2023 1. Einf\u00fchrung Willkommen auf unserer Website, www.segkapital.com. Durch den Zugriff auf oder die Nutzung unserer Website, erkl\u00e4ren Sie sich mit diesen Bedingungen und Konditionen einverstanden. Wenn Sie diesen Bedingungen nicht zustimmen, d\u00fcrfen Sie nicht auf die Website zugreifen oder unsere Website nutzen. 2. Eigentum an der Website und [&hellip;]<\/p>\n","protected":false},"author":1,"featured_media":0,"parent":0,"menu_order":0,"comment_status":"closed","ping_status":"closed","template":"template-full-width.php","meta":{"footnotes":""},"coauthors":[120],"class_list":["post-182424","page","type-page","status-publish","hentry"],"yoast_head":"<!-- This site is optimized with the Yoast SEO plugin v21.8 - https:\/\/yoast.com\/wordpress\/plugins\/seo\/ -->\n<title>AGB - Segkapital<\/title>\n<meta name=\"robots\" content=\"index, follow, max-snippet:-1, max-image-preview:large, max-video-preview:-1\" \/>\n<link rel=\"canonical\" href=\"https:\/\/segkapital.com\/de\/agb\/\" \/>\n<meta property=\"og:locale\" content=\"de_DE\" \/>\n<meta property=\"og:type\" content=\"article\" \/>\n<meta property=\"og:title\" content=\"AGB - Segkapital\" \/>\n<meta property=\"og:description\" content=\"Allgemeine Gesch\u00e4ftsbedingungen Zuletzt aktualisiert: Dezember 6, 2023 1. Einf\u00fchrung Willkommen auf unserer Website, www.segkapital.com. Durch den Zugriff auf oder die Nutzung unserer Website, erkl\u00e4ren Sie sich mit diesen Bedingungen und Konditionen einverstanden. Wenn Sie diesen Bedingungen nicht zustimmen, d\u00fcrfen Sie nicht auf die Website zugreifen oder unsere Website nutzen. 2. Eigentum an der Website und [&hellip;]\" \/>\n<meta property=\"og:url\" content=\"https:\/\/segkapital.com\/de\/agb\/\" \/>\n<meta property=\"og:site_name\" content=\"Segkapital\" \/>\n<meta property=\"article:modified_time\" content=\"2024-10-02T12:37:06+00:00\" \/>\n<meta name=\"twitter:card\" content=\"summary_large_image\" \/>\n<meta name=\"twitter:label1\" content=\"Gesch\u00e4tzte Lesezeit\" \/>\n\t<meta name=\"twitter:data1\" content=\"2\u00a0Minuten\" \/>\n\t<meta name=\"twitter:label2\" content=\"Written by\" \/>\n\t<meta name=\"twitter:data2\" content=\"SeG Kapital\" \/>\n<script type=\"application\/ld+json\" class=\"yoast-schema-graph\">{\"@context\":\"https:\/\/schema.org\",\"@graph\":[{\"@type\":\"WebPage\",\"@id\":\"https:\/\/segkapital.com\/de\/agb\/\",\"url\":\"https:\/\/segkapital.com\/de\/agb\/\",\"name\":\"AGB - Segkapital\",\"isPartOf\":{\"@id\":\"https:\/\/segkapital.com\/de\/#website\"},\"datePublished\":\"2023-12-06T13:50:35+00:00\",\"dateModified\":\"2024-10-02T12:37:06+00:00\",\"breadcrumb\":{\"@id\":\"https:\/\/segkapital.com\/de\/agb\/#breadcrumb\"},\"inLanguage\":\"de\",\"potentialAction\":[{\"@type\":\"ReadAction\",\"target\":[\"https:\/\/segkapital.com\/de\/agb\/\"]}]},{\"@type\":\"BreadcrumbList\",\"@id\":\"https:\/\/segkapital.com\/de\/agb\/#breadcrumb\",\"itemListElement\":[{\"@type\":\"ListItem\",\"position\":1,\"name\":\"Home\",\"item\":\"https:\/\/segkapital.com\/de\/\"},{\"@type\":\"ListItem\",\"position\":2,\"name\":\"AGB\"}]},{\"@type\":\"WebSite\",\"@id\":\"https:\/\/segkapital.com\/de\/#website\",\"url\":\"https:\/\/segkapital.com\/de\/\",\"name\":\"SeG Kapital\",\"description\":\"\",\"publisher\":{\"@id\":\"https:\/\/segkapital.com\/de\/#organization\"},\"potentialAction\":[{\"@type\":\"SearchAction\",\"target\":{\"@type\":\"EntryPoint\",\"urlTemplate\":\"https:\/\/segkapital.com\/de\/?s={search_term_string}\"},\"query-input\":\"required name=search_term_string\"}],\"inLanguage\":\"de\"},{\"@type\":\"Organization\",\"@id\":\"https:\/\/segkapital.com\/de\/#organization\",\"name\":\"SeG Kapital\",\"url\":\"https:\/\/segkapital.com\/de\/\",\"logo\":{\"@type\":\"ImageObject\",\"inLanguage\":\"de\",\"@id\":\"https:\/\/segkapital.com\/de\/#\/schema\/logo\/image\/\",\"url\":\"https:\/\/segkapital.com\/wp-content\/uploads\/2024\/01\/SeG_final_logo_versions_rgb_transparent_red.png\",\"contentUrl\":\"https:\/\/segkapital.com\/wp-content\/uploads\/2024\/01\/SeG_final_logo_versions_rgb_transparent_red.png\",\"width\":1275,\"height\":214,\"caption\":\"SeG Kapital\"},\"image\":{\"@id\":\"https:\/\/segkapital.com\/de\/#\/schema\/logo\/image\/\"}}]}<\/script>\n<!-- \/ Yoast SEO plugin. -->","yoast_head_json":{"title":"AGB - Segkapital","robots":{"index":"index","follow":"follow","max-snippet":"max-snippet:-1","max-image-preview":"max-image-preview:large","max-video-preview":"max-video-preview:-1"},"canonical":"https:\/\/segkapital.com\/de\/agb\/","og_locale":"de_DE","og_type":"article","og_title":"AGB - Segkapital","og_description":"Allgemeine Gesch\u00e4ftsbedingungen Zuletzt aktualisiert: Dezember 6, 2023 1. Einf\u00fchrung Willkommen auf unserer Website, www.segkapital.com. Durch den Zugriff auf oder die Nutzung unserer Website, erkl\u00e4ren Sie sich mit diesen Bedingungen und Konditionen einverstanden. Wenn Sie diesen Bedingungen nicht zustimmen, d\u00fcrfen Sie nicht auf die Website zugreifen oder unsere Website nutzen. 2. Eigentum an der Website und [&hellip;]","og_url":"https:\/\/segkapital.com\/de\/agb\/","og_site_name":"Segkapital","article_modified_time":"2024-10-02T12:37:06+00:00","twitter_card":"summary_large_image","twitter_misc":{"Gesch\u00e4tzte Lesezeit":"2\u00a0Minuten","Written by":"SeG Kapital"},"schema":{"@context":"https:\/\/schema.org","@graph":[{"@type":"WebPage","@id":"https:\/\/segkapital.com\/de\/agb\/","url":"https:\/\/segkapital.com\/de\/agb\/","name":"AGB - Segkapital","isPartOf":{"@id":"https:\/\/segkapital.com\/de\/#website"},"datePublished":"2023-12-06T13:50:35+00:00","dateModified":"2024-10-02T12:37:06+00:00","breadcrumb":{"@id":"https:\/\/segkapital.com\/de\/agb\/#breadcrumb"},"inLanguage":"de","potentialAction":[{"@type":"ReadAction","target":["https:\/\/segkapital.com\/de\/agb\/"]}]},{"@type":"BreadcrumbList","@id":"https:\/\/segkapital.com\/de\/agb\/#breadcrumb","itemListElement":[{"@type":"ListItem","position":1,"name":"Home","item":"https:\/\/segkapital.com\/de\/"},{"@type":"ListItem","position":2,"name":"AGB"}]},{"@type":"WebSite","@id":"https:\/\/segkapital.com\/de\/#website","url":"https:\/\/segkapital.com\/de\/","name":"SeG Kapital","description":"","publisher":{"@id":"https:\/\/segkapital.com\/de\/#organization"},"potentialAction":[{"@type":"SearchAction","target":{"@type":"EntryPoint","urlTemplate":"https:\/\/segkapital.com\/de\/?s={search_term_string}"},"query-input":"required name=search_term_string"}],"inLanguage":"de"},{"@type":"Organization","@id":"https:\/\/segkapital.com\/de\/#organization","name":"SeG Kapital","url":"https:\/\/segkapital.com\/de\/","logo":{"@type":"ImageObject","inLanguage":"de","@id":"https:\/\/segkapital.com\/de\/#\/schema\/logo\/image\/","url":"https:\/\/segkapital.com\/wp-content\/uploads\/2024\/01\/SeG_final_logo_versions_rgb_transparent_red.png","contentUrl":"https:\/\/segkapital.com\/wp-content\/uploads\/2024\/01\/SeG_final_logo_versions_rgb_transparent_red.png","width":1275,"height":214,"caption":"SeG Kapital"},"image":{"@id":"https:\/\/segkapital.com\/de\/#\/schema\/logo\/image\/"}}]}},"_links":{"self":[{"href":"https:\/\/segkapital.com\/de\/wp-json\/wp\/v2\/pages\/182424","targetHints":{"allow":["GET"]}}],"collection":[{"href":"https:\/\/segkapital.com\/de\/wp-json\/wp\/v2\/pages"}],"about":[{"href":"https:\/\/segkapital.com\/de\/wp-json\/wp\/v2\/types\/page"}],"author":[{"embeddable":true,"href":"https:\/\/segkapital.com\/de\/wp-json\/wp\/v2\/users\/1"}],"replies":[{"embeddable":true,"href":"https:\/\/segkapital.com\/de\/wp-json\/wp\/v2\/comments?post=182424"}],"version-history":[{"count":2,"href":"https:\/\/segkapital.com\/de\/wp-json\/wp\/v2\/pages\/182424\/revisions"}],"predecessor-version":[{"id":182668,"href":"https:\/\/segkapital.com\/de\/wp-json\/wp\/v2\/pages\/182424\/revisions\/182668"}],"wp:attachment":[{"href":"https:\/\/segkapital.com\/de\/wp-json\/wp\/v2\/media?parent=182424"}],"wp:term":[{"taxonomy":"author","embeddable":true,"href":"https:\/\/segkapital.com\/de\/wp-json\/wp\/v2\/coauthors?post=182424"}],"curies":[{"name":"wp","href":"https:\/\/api.w.org\/{rel}","templated":true}]}}