{"id":182432,"date":"2023-12-03T10:17:06","date_gmt":"2023-12-03T09:17:06","guid":{"rendered":"https:\/\/segkapital.com\/wem-dienen-wir\/"},"modified":"2024-11-24T20:26:39","modified_gmt":"2024-11-24T19:26:39","slug":"unsere-kunden","status":"publish","type":"page","link":"https:\/\/segkapital.com\/de\/unsere-kunden\/","title":{"rendered":"Unsere Kunden"},"content":{"rendered":"\t\t<div data-elementor-type=\"wp-page\" data-elementor-id=\"182432\" class=\"elementor elementor-182432 elementor-179983\">\n\t\t\t\t\t\t\t\t\t<section class=\"elementor-section elementor-top-section elementor-element elementor-element-2ab3c569 elementor-section-full_width elementor-section-height-min-height elementor-section-stretched elementor-reverse-tablet elementor-section-content-middle elementor-section-height-default elementor-section-items-middle\" data-id=\"2ab3c569\" data-element_type=\"section\" data-settings=\"{&quot;background_background&quot;:&quot;classic&quot;,&quot;stretch_section&quot;:&quot;section-stretched&quot;}\">\n\t\t\t\t\t\t\t<div class=\"elementor-background-overlay\"><\/div>\n\t\t\t\t\t\t\t<div class=\"elementor-container elementor-column-gap-default\">\n\t\t\t\t\t<div class=\"elementor-column elementor-col-100 elementor-top-column elementor-element elementor-element-46117fff\" data-id=\"46117fff\" data-element_type=\"column\">\n\t\t\t<div class=\"elementor-widget-wrap elementor-element-populated\">\n\t\t\t\t\t\t\t\t<div class=\"elementor-element elementor-element-a6e9558 elementor-widget__width-auto elementor-widget elementor-widget-heading\" data-id=\"a6e9558\" data-element_type=\"widget\" data-widget_type=\"heading.default\">\n\t\t\t\t<div class=\"elementor-widget-container\">\n\t\t\t<style>\/*! elementor - v3.17.0 - 08-11-2023 *\/\n.elementor-heading-title{padding:0;margin:0;line-height:1}.elementor-widget-heading .elementor-heading-title[class*=elementor-size-]>a{color:inherit;font-size:inherit;line-height:inherit}.elementor-widget-heading .elementor-heading-title.elementor-size-small{font-size:15px}.elementor-widget-heading .elementor-heading-title.elementor-size-medium{font-size:19px}.elementor-widget-heading .elementor-heading-title.elementor-size-large{font-size:29px}.elementor-widget-heading .elementor-heading-title.elementor-size-xl{font-size:39px}.elementor-widget-heading .elementor-heading-title.elementor-size-xxl{font-size:59px}<\/style><h1 class=\"elementor-heading-title elementor-size-default\">UNSERE KUNDEN<\/h1>\t\t<\/div>\n\t\t\t\t<\/div>\n\t\t\t\t\t<\/div>\n\t\t<\/div>\n\t\t\t\t\t\t\t<\/div>\n\t\t<\/section>\n\t\t\t\t<section class=\"elementor-section elementor-top-section elementor-element elementor-element-514484b elementor-section-full_width elementor-section-height-min-height elementor-section-items-stretch elementor-section-content-space-evenly elementor-section-stretched elementor-section-height-default\" data-id=\"514484b\" data-element_type=\"section\" data-settings=\"{&quot;background_background&quot;:&quot;classic&quot;,&quot;stretch_section&quot;:&quot;section-stretched&quot;}\">\n\t\t\t\t\t\t<div class=\"elementor-container elementor-column-gap-no\">\n\t\t\t\t\t<div class=\"elementor-column elementor-col-50 elementor-top-column elementor-element elementor-element-4211fd22\" data-id=\"4211fd22\" data-element_type=\"column\">\n\t\t\t<div class=\"elementor-widget-wrap elementor-element-populated\">\n\t\t\t\t\t\t\t\t<section class=\"elementor-section elementor-inner-section elementor-element elementor-element-3eb915f3 elementor-section-boxed elementor-section-height-default elementor-section-height-default\" data-id=\"3eb915f3\" data-element_type=\"section\">\n\t\t\t\t\t\t<div class=\"elementor-container elementor-column-gap-default\">\n\t\t\t\t\t<div class=\"elementor-column elementor-col-100 elementor-inner-column elementor-element elementor-element-7d127b3c\" data-id=\"7d127b3c\" data-element_type=\"column\">\n\t\t\t<div class=\"elementor-widget-wrap elementor-element-populated\">\n\t\t\t\t\t\t\t\t<div class=\"elementor-element elementor-element-2b6c1a2 elementor-widget elementor-widget-heading\" data-id=\"2b6c1a2\" data-element_type=\"widget\" data-widget_type=\"heading.default\">\n\t\t\t\t<div class=\"elementor-widget-container\">\n\t\t\t<h2 class=\"elementor-heading-title elementor-size-default\">Privatkapital<\/h2>\t\t<\/div>\n\t\t\t\t<\/div>\n\t\t\t\t<div class=\"elementor-element elementor-element-27df7603 elementor-widget elementor-widget-text-editor\" data-id=\"27df7603\" data-element_type=\"widget\" data-widget_type=\"text-editor.default\">\n\t\t\t\t<div class=\"elementor-widget-container\">\n\t\t\t<style>\/*! elementor - v3.17.0 - 08-11-2023 *\/\n.elementor-widget-text-editor.elementor-drop-cap-view-stacked .elementor-drop-cap{background-color:#69727d;color:#fff}.elementor-widget-text-editor.elementor-drop-cap-view-framed .elementor-drop-cap{color:#69727d;border:3px solid;background-color:transparent}.elementor-widget-text-editor:not(.elementor-drop-cap-view-default) .elementor-drop-cap{margin-top:8px}.elementor-widget-text-editor:not(.elementor-drop-cap-view-default) .elementor-drop-cap-letter{width:1em;height:1em}.elementor-widget-text-editor .elementor-drop-cap{float:left;text-align:center;line-height:1;font-size:50px}.elementor-widget-text-editor .elementor-drop-cap-letter{display:inline-block}<\/style>\t\t\t\t<div class=\"presented-response-container ng-tns-c1119398522-262\"><div class=\"response-container-content ng-tns-c1119398522-262\"><div class=\"response-content ng-trigger ng-trigger-responsePopulation ng-tns-c1119398522-262 ng-animate-disabled\"><div class=\"markdown markdown-main-panel\" dir=\"ltr\"><p data-sourcepos=\"3:1-3:290\">Individuelle Verm\u00f6gensverwaltung f\u00fcr anspruchsvolle Kunden. Wir verstehen, dass Ihre finanziellen Ziele einzigartig sind. Deshalb entwickeln wir f\u00fcr Sie ma\u00dfgeschneiderte L\u00f6sungen, die Ihre pers\u00f6nlichen Bed\u00fcrfnisse und Risikobereitschaft ber\u00fccksichtigen. Mit unserer langj\u00e4hrigen Erfahrung und unserem exklusiven Netzwerk bieten wir Ihnen Zugang zu attraktiven Anlagem\u00f6glichkeiten und sichern so Ihr Verm\u00f6gen f\u00fcr die Zukunft.<\/p><\/div><div class=\"response-footer ng-tns-c3846837001-261 complete gap\"><div class=\"sources-list-container\">\u00a0<\/div><\/div><\/div><\/div><\/div>\t\t\t\t\t\t<\/div>\n\t\t\t\t<\/div>\n\t\t\t\t<div class=\"elementor-element elementor-element-6af07d5 elementor-widget elementor-widget-heading\" data-id=\"6af07d5\" data-element_type=\"widget\" data-widget_type=\"heading.default\">\n\t\t\t\t<div class=\"elementor-widget-container\">\n\t\t\t<h2 class=\"elementor-heading-title elementor-size-default\">Family Offices<\/h2>\t\t<\/div>\n\t\t\t\t<\/div>\n\t\t\t\t<div class=\"elementor-element elementor-element-97c6b95 elementor-widget elementor-widget-text-editor\" data-id=\"97c6b95\" data-element_type=\"widget\" data-widget_type=\"text-editor.default\">\n\t\t\t\t<div class=\"elementor-widget-container\">\n\t\t\t\t\t\t\t<div class=\"presented-response-container ng-tns-c1119398522-262\"><div class=\"response-container-content ng-tns-c1119398522-262\"><div class=\"response-content ng-trigger ng-trigger-responsePopulation ng-tns-c1119398522-262 ng-animate-disabled\"><div class=\"markdown markdown-main-panel\" dir=\"ltr\"><p>Als vertrauensw\u00fcrdiger Partner von Family Offices unterst\u00fctzen wir Sie dabei, Ihr Immobilienverm\u00f6gen langfristig zu sichern und zu mehren. Wir bieten ein umfassendes Spektrum an Dienstleistungen, von der Akquisition und Ver\u00e4u\u00dferung von Immobilien \u00fcber die Verm\u00f6gensverwaltung bis hin zur Nachfolgeplanung. Unser ganzheitlicher Ansatz und unsere tiefe Marktkenntnis erm\u00f6glichen es uns, ma\u00dfgeschneiderte L\u00f6sungen zu entwickeln, die exakt auf Ihre Bed\u00fcrfnisse zugeschnitten sind.<\/p><\/div><\/div><\/div><\/div>\t\t\t\t\t\t<\/div>\n\t\t\t\t<\/div>\n\t\t\t\t\t<\/div>\n\t\t<\/div>\n\t\t\t\t\t\t\t<\/div>\n\t\t<\/section>\n\t\t\t\t\t<\/div>\n\t\t<\/div>\n\t\t\t\t<div class=\"elementor-column elementor-col-50 elementor-top-column elementor-element elementor-element-5a226172\" data-id=\"5a226172\" data-element_type=\"column\" data-settings=\"{&quot;background_background&quot;:&quot;classic&quot;}\">\n\t\t\t<div class=\"elementor-widget-wrap elementor-element-populated\">\n\t\t\t\t\t\t\t\t<div class=\"elementor-element elementor-element-201efb98 elementor-widget__width-initial elementor-widget elementor-widget-image\" data-id=\"201efb98\" data-element_type=\"widget\" data-widget_type=\"image.default\">\n\t\t\t\t<div class=\"elementor-widget-container\">\n\t\t\t<style>\/*! elementor - v3.17.0 - 08-11-2023 *\/\n.elementor-widget-image{text-align:center}.elementor-widget-image a{display:inline-block}.elementor-widget-image a img[src$=\".svg\"]{width:48px}.elementor-widget-image img{vertical-align:middle;display:inline-block}<\/style>\t\t\t\t\t\t\t\t\t\t\t\t<img fetchpriority=\"high\" decoding=\"async\" width=\"576\" height=\"1024\" src=\"https:\/\/segkapital.com\/wp-content\/uploads\/2023\/12\/izuddin-helmi-adnan-H5g9j6HeHck-unsplash.jpg\" class=\"attachment-large size-large wp-image-180015\" alt=\"\" \/>\t\t\t\t\t\t\t\t\t\t\t\t\t\t\t<\/div>\n\t\t\t\t<\/div>\n\t\t\t\t\t<\/div>\n\t\t<\/div>\n\t\t\t\t\t\t\t<\/div>\n\t\t<\/section>\n\t\t\t\t<section class=\"elementor-section elementor-top-section elementor-element elementor-element-b7cde32 elementor-section-full_width elementor-section-height-min-height elementor-section-items-stretch elementor-section-content-space-evenly elementor-section-stretched elementor-section-height-default\" data-id=\"b7cde32\" data-element_type=\"section\" data-settings=\"{&quot;background_background&quot;:&quot;classic&quot;,&quot;stretch_section&quot;:&quot;section-stretched&quot;}\">\n\t\t\t\t\t\t<div class=\"elementor-container elementor-column-gap-no\">\n\t\t\t\t\t<div class=\"elementor-column elementor-col-50 elementor-top-column elementor-element elementor-element-4c56d84\" data-id=\"4c56d84\" data-element_type=\"column\">\n\t\t\t<div class=\"elementor-widget-wrap elementor-element-populated\">\n\t\t\t\t\t\t\t\t<div class=\"elementor-element elementor-element-e530aab elementor-widget__width-initial elementor-widget elementor-widget-image\" data-id=\"e530aab\" data-element_type=\"widget\" data-widget_type=\"image.default\">\n\t\t\t\t<div class=\"elementor-widget-container\">\n\t\t\t\t\t\t\t\t\t\t\t\t\t\t\t<img decoding=\"async\" width=\"640\" height=\"853\" src=\"https:\/\/segkapital.com\/wp-content\/uploads\/2024\/01\/nabeel-saghir-64sY_5APAME-unsplash.jpg\" class=\"attachment-large size-large wp-image-182052\" alt=\"\" \/>\t\t\t\t\t\t\t\t\t\t\t\t\t\t\t<\/div>\n\t\t\t\t<\/div>\n\t\t\t\t\t<\/div>\n\t\t<\/div>\n\t\t\t\t<div class=\"elementor-column elementor-col-50 elementor-top-column elementor-element elementor-element-2cc1087\" data-id=\"2cc1087\" data-element_type=\"column\" data-settings=\"{&quot;background_background&quot;:&quot;classic&quot;}\">\n\t\t\t<div class=\"elementor-widget-wrap elementor-element-populated\">\n\t\t\t\t\t\t\t\t<section class=\"elementor-section elementor-inner-section elementor-element elementor-element-8d9fb4e elementor-section-boxed elementor-section-height-default elementor-section-height-default\" data-id=\"8d9fb4e\" data-element_type=\"section\">\n\t\t\t\t\t\t<div class=\"elementor-container elementor-column-gap-default\">\n\t\t\t\t\t<div class=\"elementor-column elementor-col-50 elementor-inner-column elementor-element elementor-element-f8580e7\" data-id=\"f8580e7\" data-element_type=\"column\">\n\t\t\t<div class=\"elementor-widget-wrap elementor-element-populated\">\n\t\t\t\t\t\t\t\t\t<\/div>\n\t\t<\/div>\n\t\t\t\t<div class=\"elementor-column elementor-col-50 elementor-inner-column elementor-element elementor-element-c9bb202\" data-id=\"c9bb202\" data-element_type=\"column\">\n\t\t\t<div class=\"elementor-widget-wrap elementor-element-populated\">\n\t\t\t\t\t\t\t\t<div class=\"elementor-element elementor-element-199837f elementor-widget elementor-widget-heading\" data-id=\"199837f\" data-element_type=\"widget\" data-widget_type=\"heading.default\">\n\t\t\t\t<div class=\"elementor-widget-container\">\n\t\t\t<h2 class=\"elementor-heading-title elementor-size-default\"><br>Institutionelle Investoren<\/h2>\t\t<\/div>\n\t\t\t\t<\/div>\n\t\t\t\t<div class=\"elementor-element elementor-element-e91b710 elementor-widget elementor-widget-text-editor\" data-id=\"e91b710\" data-element_type=\"widget\" data-widget_type=\"text-editor.default\">\n\t\t\t\t<div class=\"elementor-widget-container\">\n\t\t\t\t\t\t\t<div class=\"presented-response-container ng-tns-c1119398522-262\"><div class=\"response-container-content ng-tns-c1119398522-262\"><div class=\"response-content ng-trigger ng-trigger-responsePopulation ng-tns-c1119398522-262 ng-animate-disabled\"><div class=\"markdown markdown-main-panel\" dir=\"ltr\"><p>Wir verf\u00fcgen \u00fcber eine nachweislich erfolgreiche Historie in der Betreuung institutioneller Investoren. Mit unserer fundierten Expertise in der vielschichtigen Immobilienbranche entwickeln wir pr\u00e4zise Strategien, die optimal auf die Anlageziele Ihrer Organisation abgestimmt sind.<\/p><p>Unser Angebot umfasst detaillierte Marktanalysen, fundierte Risikobewertungen und eine gezielte Portfoliooptimierung, um langfristige Renditen zu maximieren und potenzielle Risiken zu minimieren. Unsere institutionellen Kunden profitieren von unserem weitreichenden Netzwerk, tiefgreifenden datengest\u00fctzten Insights und einem hoch engagierten Team, das unerm\u00fcdlich an der Verwirklichung Ihrer finanziellen Ziele arbeitet.<\/p><p>Jedes Segment unserer Dienstleistungen ist auf die spezifischen Anforderungen und Pr\u00e4ferenzen der jeweiligen Zielgruppe zugeschnitten. Wir stellen sicher, dass wir die einzigartigen Bed\u00fcrfnisse unserer institutionellen Partner verstehen und zielgerichtet erf\u00fcllen.<\/p><\/div><\/div><\/div><\/div>\t\t\t\t\t\t<\/div>\n\t\t\t\t<\/div>\n\t\t\t\t\t<\/div>\n\t\t<\/div>\n\t\t\t\t\t\t\t<\/div>\n\t\t<\/section>\n\t\t\t\t\t<\/div>\n\t\t<\/div>\n\t\t\t\t\t\t\t<\/div>\n\t\t<\/section>\n\t\t\t\t<section class=\"elementor-section elementor-inner-section elementor-element elementor-element-3bdcf2f5 elementor-section-full_width elementor-section-height-default elementor-section-height-default\" data-id=\"3bdcf2f5\" data-element_type=\"section\">\n\t\t\t\t\t\t<div class=\"elementor-container elementor-column-gap-default\">\n\t\t\t\t\t<div class=\"elementor-column elementor-col-50 elementor-inner-column elementor-element elementor-element-4b4fa85e\" data-id=\"4b4fa85e\" data-element_type=\"column\" data-settings=\"{&quot;background_background&quot;:&quot;classic&quot;}\">\n\t\t\t<div class=\"elementor-widget-wrap elementor-element-populated\">\n\t\t\t\t\t<div class=\"elementor-background-overlay\"><\/div>\n\t\t\t\t\t\t\t\t<div class=\"elementor-element elementor-element-8bd44c1 elementor-widget elementor-widget-heading\" data-id=\"8bd44c1\" data-element_type=\"widget\" data-widget_type=\"heading.default\">\n\t\t\t\t<div class=\"elementor-widget-container\">\n\t\t\t<p class=\"elementor-heading-title elementor-size-default\">Finanzl\u00f6sungen aus einer Hand<\/p>\t\t<\/div>\n\t\t\t\t<\/div>\n\t\t\t\t<div class=\"elementor-element elementor-element-1bc181ae elementor-widget elementor-widget-text-editor\" data-id=\"1bc181ae\" data-element_type=\"widget\" data-widget_type=\"text-editor.default\">\n\t\t\t\t<div class=\"elementor-widget-container\">\n\t\t\t\t\t\t\t<p>Erleben Sie die Vorteile einer ganzheitlichen Finanzberatung. Klicken Sie hier und vereinbaren Sie ein kostenloses Beratungsgespr\u00e4ch.<\/p>\t\t\t\t\t\t<\/div>\n\t\t\t\t<\/div>\n\t\t\t\t\t<\/div>\n\t\t<\/div>\n\t\t\t\t<div class=\"elementor-column elementor-col-50 elementor-inner-column elementor-element elementor-element-eef1512\" data-id=\"eef1512\" data-element_type=\"column\" data-settings=\"{&quot;background_background&quot;:&quot;classic&quot;}\">\n\t\t\t<div class=\"elementor-widget-wrap elementor-element-populated\">\n\t\t\t\t\t<div class=\"elementor-background-overlay\"><\/div>\n\t\t\t\t\t\t\t\t<div class=\"elementor-element elementor-element-16f7ad7 elementor-tablet-align-center elementor-align-center elementor-widget elementor-widget-button\" data-id=\"16f7ad7\" data-element_type=\"widget\" data-widget_type=\"button.default\">\n\t\t\t\t<div class=\"elementor-widget-container\">\n\t\t\t\t\t<div class=\"elementor-button-wrapper\">\n\t\t\t<a class=\"elementor-button elementor-button-link elementor-size-sm\" href=\"https:\/\/segkapital.com\/contact\/\">\n\t\t\t\t\t\t<span class=\"elementor-button-content-wrapper\">\n\t\t\t\t\t\t<span class=\"elementor-button-text\">KONTAKT<\/span>\n\t\t<\/span>\n\t\t\t\t\t<\/a>\n\t\t<\/div>\n\t\t\t\t<\/div>\n\t\t\t\t<\/div>\n\t\t\t\t\t<\/div>\n\t\t<\/div>\n\t\t\t\t\t\t\t<\/div>\n\t\t<\/section>\n\t\t\t\t\t\t\t<\/div>\n\t\t","protected":false},"excerpt":{"rendered":"<p>UNSERE KUNDEN Privatkapital Individuelle Verm\u00f6gensverwaltung f\u00fcr anspruchsvolle Kunden. Wir verstehen, dass Ihre finanziellen Ziele einzigartig sind. Deshalb entwickeln wir f\u00fcr Sie ma\u00dfgeschneiderte L\u00f6sungen, die Ihre pers\u00f6nlichen Bed\u00fcrfnisse und Risikobereitschaft ber\u00fccksichtigen. Mit unserer langj\u00e4hrigen Erfahrung und unserem exklusiven Netzwerk bieten wir Ihnen Zugang zu attraktiven Anlagem\u00f6glichkeiten und sichern so Ihr Verm\u00f6gen f\u00fcr die Zukunft. \u00a0 Family [&hellip;]<\/p>\n","protected":false},"author":1,"featured_media":0,"parent":0,"menu_order":0,"comment_status":"closed","ping_status":"closed","template":"elementor_header_footer","meta":{"footnotes":""},"coauthors":[120],"class_list":["post-182432","page","type-page","status-publish","hentry"],"yoast_head":"<!-- This site is optimized with the Yoast SEO plugin v21.8 - https:\/\/yoast.com\/wordpress\/plugins\/seo\/ -->\n<title>Unsere Kunden - Segkapital<\/title>\n<meta name=\"description\" content=\"\u201eMa\u00dfgeschneiderte Finanzl\u00f6sungen f\u00fcr Ihre Zukunft.\u201c Entdecken Sie, wie wir gemeinsam Ihre finanziellen Ziele erreichen k\u00f6nnen.\" \/>\n<meta name=\"robots\" content=\"index, follow, max-snippet:-1, max-image-preview:large, max-video-preview:-1\" \/>\n<link rel=\"canonical\" href=\"https:\/\/segkapital.com\/de\/unsere-kunden\/\" \/>\n<meta property=\"og:locale\" content=\"de_DE\" \/>\n<meta property=\"og:type\" content=\"article\" \/>\n<meta property=\"og:title\" content=\"Unsere Kunden - Segkapital\" \/>\n<meta property=\"og:description\" content=\"\u201eMa\u00dfgeschneiderte Finanzl\u00f6sungen f\u00fcr Ihre Zukunft.\u201c Entdecken Sie, wie wir gemeinsam Ihre finanziellen Ziele erreichen k\u00f6nnen.\" \/>\n<meta property=\"og:url\" content=\"https:\/\/segkapital.com\/de\/unsere-kunden\/\" \/>\n<meta property=\"og:site_name\" content=\"Segkapital\" \/>\n<meta property=\"article:modified_time\" content=\"2024-11-24T19:26:39+00:00\" \/>\n<meta property=\"og:image\" content=\"https:\/\/segkapital.com\/wp-content\/uploads\/2023\/12\/izuddin-helmi-adnan-H5g9j6HeHck-unsplash.jpg\" \/>\n<meta name=\"twitter:card\" content=\"summary_large_image\" \/>\n<meta name=\"twitter:label1\" content=\"Gesch\u00e4tzte Lesezeit\" \/>\n\t<meta name=\"twitter:data1\" content=\"2\u00a0Minuten\" \/>\n\t<meta name=\"twitter:label2\" content=\"Written by\" \/>\n\t<meta name=\"twitter:data2\" content=\"SeG Kapital\" \/>\n<script type=\"application\/ld+json\" class=\"yoast-schema-graph\">{\"@context\":\"https:\/\/schema.org\",\"@graph\":[{\"@type\":\"WebPage\",\"@id\":\"https:\/\/segkapital.com\/de\/unsere-kunden\/\",\"url\":\"https:\/\/segkapital.com\/de\/unsere-kunden\/\",\"name\":\"Unsere Kunden - Segkapital\",\"isPartOf\":{\"@id\":\"https:\/\/segkapital.com\/de\/#website\"},\"datePublished\":\"2023-12-03T09:17:06+00:00\",\"dateModified\":\"2024-11-24T19:26:39+00:00\",\"description\":\"\u201eMa\u00dfgeschneiderte Finanzl\u00f6sungen f\u00fcr Ihre Zukunft.\u201c Entdecken Sie, wie wir gemeinsam Ihre finanziellen Ziele erreichen k\u00f6nnen.\",\"breadcrumb\":{\"@id\":\"https:\/\/segkapital.com\/de\/unsere-kunden\/#breadcrumb\"},\"inLanguage\":\"de\",\"potentialAction\":[{\"@type\":\"ReadAction\",\"target\":[\"https:\/\/segkapital.com\/de\/unsere-kunden\/\"]}]},{\"@type\":\"BreadcrumbList\",\"@id\":\"https:\/\/segkapital.com\/de\/unsere-kunden\/#breadcrumb\",\"itemListElement\":[{\"@type\":\"ListItem\",\"position\":1,\"name\":\"Home\",\"item\":\"https:\/\/segkapital.com\/de\/\"},{\"@type\":\"ListItem\",\"position\":2,\"name\":\"Unsere Kunden\"}]},{\"@type\":\"WebSite\",\"@id\":\"https:\/\/segkapital.com\/de\/#website\",\"url\":\"https:\/\/segkapital.com\/de\/\",\"name\":\"SeG Kapital\",\"description\":\"\",\"publisher\":{\"@id\":\"https:\/\/segkapital.com\/de\/#organization\"},\"potentialAction\":[{\"@type\":\"SearchAction\",\"target\":{\"@type\":\"EntryPoint\",\"urlTemplate\":\"https:\/\/segkapital.com\/de\/?s={search_term_string}\"},\"query-input\":\"required name=search_term_string\"}],\"inLanguage\":\"de\"},{\"@type\":\"Organization\",\"@id\":\"https:\/\/segkapital.com\/de\/#organization\",\"name\":\"SeG Kapital\",\"url\":\"https:\/\/segkapital.com\/de\/\",\"logo\":{\"@type\":\"ImageObject\",\"inLanguage\":\"de\",\"@id\":\"https:\/\/segkapital.com\/de\/#\/schema\/logo\/image\/\",\"url\":\"https:\/\/segkapital.com\/wp-content\/uploads\/2024\/01\/SeG_final_logo_versions_rgb_transparent_red.png\",\"contentUrl\":\"https:\/\/segkapital.com\/wp-content\/uploads\/2024\/01\/SeG_final_logo_versions_rgb_transparent_red.png\",\"width\":1275,\"height\":214,\"caption\":\"SeG Kapital\"},\"image\":{\"@id\":\"https:\/\/segkapital.com\/de\/#\/schema\/logo\/image\/\"}}]}<\/script>\n<!-- \/ Yoast SEO plugin. -->","yoast_head_json":{"title":"Unsere Kunden - Segkapital","description":"\u201eMa\u00dfgeschneiderte Finanzl\u00f6sungen f\u00fcr Ihre Zukunft.\u201c Entdecken Sie, wie wir gemeinsam Ihre finanziellen Ziele erreichen k\u00f6nnen.","robots":{"index":"index","follow":"follow","max-snippet":"max-snippet:-1","max-image-preview":"max-image-preview:large","max-video-preview":"max-video-preview:-1"},"canonical":"https:\/\/segkapital.com\/de\/unsere-kunden\/","og_locale":"de_DE","og_type":"article","og_title":"Unsere Kunden - Segkapital","og_description":"\u201eMa\u00dfgeschneiderte Finanzl\u00f6sungen f\u00fcr Ihre Zukunft.\u201c Entdecken Sie, wie wir gemeinsam Ihre finanziellen Ziele erreichen k\u00f6nnen.","og_url":"https:\/\/segkapital.com\/de\/unsere-kunden\/","og_site_name":"Segkapital","article_modified_time":"2024-11-24T19:26:39+00:00","og_image":[{"url":"https:\/\/segkapital.com\/wp-content\/uploads\/2023\/12\/izuddin-helmi-adnan-H5g9j6HeHck-unsplash.jpg"}],"twitter_card":"summary_large_image","twitter_misc":{"Gesch\u00e4tzte Lesezeit":"2\u00a0Minuten","Written by":"SeG Kapital"},"schema":{"@context":"https:\/\/schema.org","@graph":[{"@type":"WebPage","@id":"https:\/\/segkapital.com\/de\/unsere-kunden\/","url":"https:\/\/segkapital.com\/de\/unsere-kunden\/","name":"Unsere Kunden - Segkapital","isPartOf":{"@id":"https:\/\/segkapital.com\/de\/#website"},"datePublished":"2023-12-03T09:17:06+00:00","dateModified":"2024-11-24T19:26:39+00:00","description":"\u201eMa\u00dfgeschneiderte Finanzl\u00f6sungen f\u00fcr Ihre Zukunft.\u201c Entdecken Sie, wie wir gemeinsam Ihre finanziellen Ziele erreichen k\u00f6nnen.","breadcrumb":{"@id":"https:\/\/segkapital.com\/de\/unsere-kunden\/#breadcrumb"},"inLanguage":"de","potentialAction":[{"@type":"ReadAction","target":["https:\/\/segkapital.com\/de\/unsere-kunden\/"]}]},{"@type":"BreadcrumbList","@id":"https:\/\/segkapital.com\/de\/unsere-kunden\/#breadcrumb","itemListElement":[{"@type":"ListItem","position":1,"name":"Home","item":"https:\/\/segkapital.com\/de\/"},{"@type":"ListItem","position":2,"name":"Unsere Kunden"}]},{"@type":"WebSite","@id":"https:\/\/segkapital.com\/de\/#website","url":"https:\/\/segkapital.com\/de\/","name":"SeG Kapital","description":"","publisher":{"@id":"https:\/\/segkapital.com\/de\/#organization"},"potentialAction":[{"@type":"SearchAction","target":{"@type":"EntryPoint","urlTemplate":"https:\/\/segkapital.com\/de\/?s={search_term_string}"},"query-input":"required name=search_term_string"}],"inLanguage":"de"},{"@type":"Organization","@id":"https:\/\/segkapital.com\/de\/#organization","name":"SeG Kapital","url":"https:\/\/segkapital.com\/de\/","logo":{"@type":"ImageObject","inLanguage":"de","@id":"https:\/\/segkapital.com\/de\/#\/schema\/logo\/image\/","url":"https:\/\/segkapital.com\/wp-content\/uploads\/2024\/01\/SeG_final_logo_versions_rgb_transparent_red.png","contentUrl":"https:\/\/segkapital.com\/wp-content\/uploads\/2024\/01\/SeG_final_logo_versions_rgb_transparent_red.png","width":1275,"height":214,"caption":"SeG Kapital"},"image":{"@id":"https:\/\/segkapital.com\/de\/#\/schema\/logo\/image\/"}}]}},"_links":{"self":[{"href":"https:\/\/segkapital.com\/de\/wp-json\/wp\/v2\/pages\/182432","targetHints":{"allow":["GET"]}}],"collection":[{"href":"https:\/\/segkapital.com\/de\/wp-json\/wp\/v2\/pages"}],"about":[{"href":"https:\/\/segkapital.com\/de\/wp-json\/wp\/v2\/types\/page"}],"author":[{"embeddable":true,"href":"https:\/\/segkapital.com\/de\/wp-json\/wp\/v2\/users\/1"}],"replies":[{"embeddable":true,"href":"https:\/\/segkapital.com\/de\/wp-json\/wp\/v2\/comments?post=182432"}],"version-history":[{"count":11,"href":"https:\/\/segkapital.com\/de\/wp-json\/wp\/v2\/pages\/182432\/revisions"}],"predecessor-version":[{"id":182750,"href":"https:\/\/segkapital.com\/de\/wp-json\/wp\/v2\/pages\/182432\/revisions\/182750"}],"wp:attachment":[{"href":"https:\/\/segkapital.com\/de\/wp-json\/wp\/v2\/media?parent=182432"}],"wp:term":[{"taxonomy":"author","embeddable":true,"href":"https:\/\/segkapital.com\/de\/wp-json\/wp\/v2\/coauthors?post=182432"}],"curies":[{"name":"wp","href":"https:\/\/api.w.org\/{rel}","templated":true}]}}