{"id":182465,"date":"2019-07-18T18:17:58","date_gmt":"2019-07-18T16:17:58","guid":{"rendered":"https:\/\/segkapital.com\/seg-kapital\/"},"modified":"2024-09-22T13:39:32","modified_gmt":"2024-09-22T11:39:32","slug":"seg-kapital","status":"publish","type":"page","link":"https:\/\/segkapital.com\/de\/seg-kapital\/","title":{"rendered":"SeG Kapital"},"content":{"rendered":"","protected":false},"excerpt":{"rendered":"","protected":false},"author":1,"featured_media":0,"parent":0,"menu_order":0,"comment_status":"closed","ping_status":"closed","template":"template-home.php","meta":{"footnotes":""},"coauthors":[120],"class_list":["post-182465","page","type-page","status-publish","hentry"],"yoast_head":"<!-- This site is optimized with the Yoast SEO plugin v21.8 - https:\/\/yoast.com\/wordpress\/plugins\/seo\/ -->\n<title>SeG Kapital<\/title>\n<meta name=\"description\" content=\"SeG KAPITAL ist eine Boutique f\u00fcr private Verm\u00f6gens- und Immobilienberatung, die f\u00fcr Privatkunden ber\u00e4t und Transaktionen durchf\u00fchrt.\" \/>\n<meta name=\"robots\" content=\"index, follow, max-snippet:-1, max-image-preview:large, max-video-preview:-1\" \/>\n<link rel=\"canonical\" href=\"https:\/\/segkapital.com\/de\/seg-kapital\/\" \/>\n<meta property=\"og:locale\" content=\"de_DE\" \/>\n<meta property=\"og:type\" content=\"article\" \/>\n<meta property=\"og:title\" content=\"SeG Kapital\" \/>\n<meta property=\"og:description\" content=\"SeG KAPITAL ist eine Boutique f\u00fcr private Verm\u00f6gens- und Immobilienberatung, die f\u00fcr Privatkunden ber\u00e4t und Transaktionen durchf\u00fchrt.\" \/>\n<meta property=\"og:url\" content=\"https:\/\/segkapital.com\/de\/seg-kapital\/\" \/>\n<meta property=\"og:site_name\" content=\"Segkapital\" \/>\n<meta property=\"article:modified_time\" content=\"2024-09-22T11:39:32+00:00\" \/>\n<meta name=\"twitter:card\" content=\"summary_large_image\" \/>\n<meta name=\"twitter:label1\" content=\"Written by\" \/>\n\t<meta name=\"twitter:data1\" content=\"SeG Kapital\" \/>\n<script type=\"application\/ld+json\" class=\"yoast-schema-graph\">{\"@context\":\"https:\/\/schema.org\",\"@graph\":[{\"@type\":\"WebPage\",\"@id\":\"https:\/\/segkapital.com\/de\/seg-kapital\/\",\"url\":\"https:\/\/segkapital.com\/de\/seg-kapital\/\",\"name\":\"SeG Kapital\",\"isPartOf\":{\"@id\":\"https:\/\/segkapital.com\/de\/#website\"},\"datePublished\":\"2019-07-18T16:17:58+00:00\",\"dateModified\":\"2024-09-22T11:39:32+00:00\",\"description\":\"SeG KAPITAL ist eine Boutique f\u00fcr private Verm\u00f6gens- und Immobilienberatung, die f\u00fcr Privatkunden ber\u00e4t und Transaktionen durchf\u00fchrt.\",\"breadcrumb\":{\"@id\":\"https:\/\/segkapital.com\/de\/seg-kapital\/#breadcrumb\"},\"inLanguage\":\"de\",\"potentialAction\":[{\"@type\":\"ReadAction\",\"target\":[\"https:\/\/segkapital.com\/de\/seg-kapital\/\"]}]},{\"@type\":\"BreadcrumbList\",\"@id\":\"https:\/\/segkapital.com\/de\/seg-kapital\/#breadcrumb\",\"itemListElement\":[{\"@type\":\"ListItem\",\"position\":1,\"name\":\"Home\",\"item\":\"https:\/\/segkapital.com\/de\/\"},{\"@type\":\"ListItem\",\"position\":2,\"name\":\"SeG Kapital\"}]},{\"@type\":\"WebSite\",\"@id\":\"https:\/\/segkapital.com\/de\/#website\",\"url\":\"https:\/\/segkapital.com\/de\/\",\"name\":\"SeG Kapital\",\"description\":\"\",\"publisher\":{\"@id\":\"https:\/\/segkapital.com\/de\/#organization\"},\"potentialAction\":[{\"@type\":\"SearchAction\",\"target\":{\"@type\":\"EntryPoint\",\"urlTemplate\":\"https:\/\/segkapital.com\/de\/?s={search_term_string}\"},\"query-input\":\"required name=search_term_string\"}],\"inLanguage\":\"de\"},{\"@type\":\"Organization\",\"@id\":\"https:\/\/segkapital.com\/de\/#organization\",\"name\":\"SeG Kapital\",\"url\":\"https:\/\/segkapital.com\/de\/\",\"logo\":{\"@type\":\"ImageObject\",\"inLanguage\":\"de\",\"@id\":\"https:\/\/segkapital.com\/de\/#\/schema\/logo\/image\/\",\"url\":\"https:\/\/segkapital.com\/wp-content\/uploads\/2024\/01\/SeG_final_logo_versions_rgb_transparent_red.png\",\"contentUrl\":\"https:\/\/segkapital.com\/wp-content\/uploads\/2024\/01\/SeG_final_logo_versions_rgb_transparent_red.png\",\"width\":1275,\"height\":214,\"caption\":\"SeG Kapital\"},\"image\":{\"@id\":\"https:\/\/segkapital.com\/de\/#\/schema\/logo\/image\/\"}}]}<\/script>\n<!-- \/ Yoast SEO plugin. -->","yoast_head_json":{"title":"SeG Kapital","description":"SeG KAPITAL ist eine Boutique f\u00fcr private Verm\u00f6gens- und Immobilienberatung, die f\u00fcr Privatkunden ber\u00e4t und Transaktionen durchf\u00fchrt.","robots":{"index":"index","follow":"follow","max-snippet":"max-snippet:-1","max-image-preview":"max-image-preview:large","max-video-preview":"max-video-preview:-1"},"canonical":"https:\/\/segkapital.com\/de\/seg-kapital\/","og_locale":"de_DE","og_type":"article","og_title":"SeG Kapital","og_description":"SeG KAPITAL ist eine Boutique f\u00fcr private Verm\u00f6gens- und Immobilienberatung, die f\u00fcr Privatkunden ber\u00e4t und Transaktionen durchf\u00fchrt.","og_url":"https:\/\/segkapital.com\/de\/seg-kapital\/","og_site_name":"Segkapital","article_modified_time":"2024-09-22T11:39:32+00:00","twitter_card":"summary_large_image","twitter_misc":{"Written by":"SeG Kapital"},"schema":{"@context":"https:\/\/schema.org","@graph":[{"@type":"WebPage","@id":"https:\/\/segkapital.com\/de\/seg-kapital\/","url":"https:\/\/segkapital.com\/de\/seg-kapital\/","name":"SeG Kapital","isPartOf":{"@id":"https:\/\/segkapital.com\/de\/#website"},"datePublished":"2019-07-18T16:17:58+00:00","dateModified":"2024-09-22T11:39:32+00:00","description":"SeG KAPITAL ist eine Boutique f\u00fcr private Verm\u00f6gens- und Immobilienberatung, die f\u00fcr Privatkunden ber\u00e4t und Transaktionen durchf\u00fchrt.","breadcrumb":{"@id":"https:\/\/segkapital.com\/de\/seg-kapital\/#breadcrumb"},"inLanguage":"de","potentialAction":[{"@type":"ReadAction","target":["https:\/\/segkapital.com\/de\/seg-kapital\/"]}]},{"@type":"BreadcrumbList","@id":"https:\/\/segkapital.com\/de\/seg-kapital\/#breadcrumb","itemListElement":[{"@type":"ListItem","position":1,"name":"Home","item":"https:\/\/segkapital.com\/de\/"},{"@type":"ListItem","position":2,"name":"SeG Kapital"}]},{"@type":"WebSite","@id":"https:\/\/segkapital.com\/de\/#website","url":"https:\/\/segkapital.com\/de\/","name":"SeG Kapital","description":"","publisher":{"@id":"https:\/\/segkapital.com\/de\/#organization"},"potentialAction":[{"@type":"SearchAction","target":{"@type":"EntryPoint","urlTemplate":"https:\/\/segkapital.com\/de\/?s={search_term_string}"},"query-input":"required name=search_term_string"}],"inLanguage":"de"},{"@type":"Organization","@id":"https:\/\/segkapital.com\/de\/#organization","name":"SeG Kapital","url":"https:\/\/segkapital.com\/de\/","logo":{"@type":"ImageObject","inLanguage":"de","@id":"https:\/\/segkapital.com\/de\/#\/schema\/logo\/image\/","url":"https:\/\/segkapital.com\/wp-content\/uploads\/2024\/01\/SeG_final_logo_versions_rgb_transparent_red.png","contentUrl":"https:\/\/segkapital.com\/wp-content\/uploads\/2024\/01\/SeG_final_logo_versions_rgb_transparent_red.png","width":1275,"height":214,"caption":"SeG Kapital"},"image":{"@id":"https:\/\/segkapital.com\/de\/#\/schema\/logo\/image\/"}}]}},"_links":{"self":[{"href":"https:\/\/segkapital.com\/de\/wp-json\/wp\/v2\/pages\/182465","targetHints":{"allow":["GET"]}}],"collection":[{"href":"https:\/\/segkapital.com\/de\/wp-json\/wp\/v2\/pages"}],"about":[{"href":"https:\/\/segkapital.com\/de\/wp-json\/wp\/v2\/types\/page"}],"author":[{"embeddable":true,"href":"https:\/\/segkapital.com\/de\/wp-json\/wp\/v2\/users\/1"}],"replies":[{"embeddable":true,"href":"https:\/\/segkapital.com\/de\/wp-json\/wp\/v2\/comments?post=182465"}],"version-history":[{"count":1,"href":"https:\/\/segkapital.com\/de\/wp-json\/wp\/v2\/pages\/182465\/revisions"}],"predecessor-version":[{"id":182467,"href":"https:\/\/segkapital.com\/de\/wp-json\/wp\/v2\/pages\/182465\/revisions\/182467"}],"wp:attachment":[{"href":"https:\/\/segkapital.com\/de\/wp-json\/wp\/v2\/media?parent=182465"}],"wp:term":[{"taxonomy":"author","embeddable":true,"href":"https:\/\/segkapital.com\/de\/wp-json\/wp\/v2\/coauthors?post=182465"}],"curies":[{"name":"wp","href":"https:\/\/api.w.org\/{rel}","templated":true}]}}