{"id":182393,"date":"2023-12-13T16:46:24","date_gmt":"2023-12-13T15:46:24","guid":{"rendered":"https:\/\/segkapital.com\/%e7%89%88%e6%9c%ac%e8%af%b4%e6%98%8e\/"},"modified":"2024-11-24T20:17:35","modified_gmt":"2024-11-24T19:17:35","slug":"%e7%89%88%e6%9c%ac%e8%af%b4%e6%98%8e","status":"publish","type":"page","link":"https:\/\/segkapital.com\/zh-hans\/%e7%89%88%e6%9c%ac%e8%af%b4%e6%98%8e\/","title":{"rendered":"\u7248\u672c\u8bf4\u660e"},"content":{"rendered":"<h1>\u5370\u8c61\u6df1\u523b<\/h1>\n<p> Verantwortlich f\u00fcr den Inhalt dieser Webseite gem\u00e4\u00df \u00a7 5 TMG: SeG Kapital Verm\u00f6gensverwaltung GmbH Gabriele Tergit Promenade 17 10963, Deutschland<br \/>\n<strong>Kontakt:<\/strong>Telefon\uff1a+49 30 61288013 E-Mail: info@segkapital.com Website: www.segkapital.com<strong>Vertreten durch\uff1a<\/strong>Serkan G\u00f6cmen<strong>Handelsregister\uff1a<\/strong>Registergericht\uff1aAmtsgericht<strong>Charlottenburg<\/strong>(Berlin) Registernummer<strong>:<\/strong>233206 B<strong>Umsatzsteuer-ID:<\/strong>Umsatzsteuer-Identifikationsnummer gem\u00e4\u00df \u00a727a UStG:<strong>Datenschutzerkl\u00e4rung (Privacy Policy)\uff1a<\/strong>2024 Christopher Daniel.<br \/>\n\u4fdd\u7559\u6240\u6709\u6743\u5229\u3002<br \/>\n\u7f51\u7ad9\u8bbe\u8ba1\u548c\u5f00\u53d1\u7531 Christopher Daniel \u8d1f\u8d23\u3002   <strong><br \/>\n<\/strong> <\/p>\n<blockquote class=\"wp-embedded-content\" data-secret=\"udiXQvSr0r\"><p><a href=\"https:\/\/segkapital.com\/privacy-policy\/\">Privacy Policy<\/a><\/p><\/blockquote>\n<p><iframe class=\"wp-embedded-content\" sandbox=\"allow-scripts\" security=\"restricted\" style=\"position: absolute; visibility: hidden;\" title=\"\u300a Privacy Policy \u300b\u2014Segkapital\" src=\"https:\/\/segkapital.com\/privacy-policy\/embed\/#?secret=vdezBAH6YD#?secret=udiXQvSr0r\" data-secret=\"udiXQvSr0r\" width=\"600\" height=\"338\" frameborder=\"0\" marginwidth=\"0\" marginheight=\"0\" scrolling=\"no\"><\/iframe><br \/>\n &nbsp;<\/p>\n<p><strong>Online-Streitbeilegung gem\u00e4\u00df Art.14 Abs.<br \/>\n1 ODR-VO\uff1a <\/strong> \u6b27\u76df\u59d4\u5458\u4f1a\u63d0\u4f9b\u4e86\u4e00\u4e2a\u5728\u7ebf\u7533\u8bc9\u5e73\u53f0 (OS)\uff0c\u60a8\u53ef\u901a\u8fc7 https:\/\/ec.europa.eu\/consumers\/odr \u627e\u5230\u8be5\u5e73\u53f0\u3002<strong>VSBG (Verbraucherstreitbeilegungsgesetz) \u7b2c 36 \u8282\u4e2d\u7684\u63d0\u793a\uff1a<\/strong>\u6211\u4eec\u4e0d\u4f1a\u5728\u4efb\u4f55\u4e00\u4e2a\u76d1\u63a7\u4e2d\u5fc3\u5bf9\u4efb\u4f55\u4e00\u4e2a Streitbeilegungsverfahren \u8fdb\u884c\u76d1\u63a7\uff0c\u4f46\u6211\u4eec\u4f1a\u4e25\u683c\u9075\u5b88\u76d1\u63a7\u4e2d\u5fc3\u7684\u89c4\u5b9a\u3002  &nbsp;<\/p>\n","protected":false},"excerpt":{"rendered":"<p>\u5370\u8c61\u6df1\u523b Verantwortlich f\u00fcr den Inhalt dieser Webseite gem\u00e4 [&hellip;]<\/p>\n","protected":false},"author":1,"featured_media":0,"parent":0,"menu_order":0,"comment_status":"closed","ping_status":"closed","template":"template-full-width.php","meta":{"footnotes":""},"coauthors":[120],"class_list":["post-182393","page","type-page","status-publish","hentry"],"yoast_head":"<!-- This site is optimized with the Yoast SEO plugin v21.8 - https:\/\/yoast.com\/wordpress\/plugins\/seo\/ -->\n<title>\u7248\u672c\u8bf4\u660e - Segkapital<\/title>\n<meta name=\"robots\" content=\"index, follow, max-snippet:-1, max-image-preview:large, max-video-preview:-1\" \/>\n<link rel=\"canonical\" href=\"https:\/\/segkapital.com\/zh-hans\/%e7%89%88%e6%9c%ac%e8%af%b4%e6%98%8e\/\" \/>\n<meta property=\"og:locale\" content=\"zh_CN\" \/>\n<meta property=\"og:type\" content=\"article\" \/>\n<meta property=\"og:title\" content=\"\u7248\u672c\u8bf4\u660e - Segkapital\" \/>\n<meta property=\"og:description\" content=\"\u5370\u8c61\u6df1\u523b Verantwortlich f\u00fcr den Inhalt dieser Webseite gem\u00e4 [&hellip;]\" \/>\n<meta property=\"og:url\" content=\"https:\/\/segkapital.com\/zh-hans\/%e7%89%88%e6%9c%ac%e8%af%b4%e6%98%8e\/\" \/>\n<meta property=\"og:site_name\" content=\"Segkapital\" \/>\n<meta property=\"article:modified_time\" content=\"2024-11-24T19:17:35+00:00\" \/>\n<meta name=\"twitter:card\" content=\"summary_large_image\" \/>\n<meta name=\"twitter:label1\" content=\"Written by\" \/>\n\t<meta name=\"twitter:data1\" content=\"SeG Kapital\" \/>\n<script type=\"application\/ld+json\" class=\"yoast-schema-graph\">{\"@context\":\"https:\/\/schema.org\",\"@graph\":[{\"@type\":\"WebPage\",\"@id\":\"https:\/\/segkapital.com\/zh-hans\/%e7%89%88%e6%9c%ac%e8%af%b4%e6%98%8e\/\",\"url\":\"https:\/\/segkapital.com\/zh-hans\/%e7%89%88%e6%9c%ac%e8%af%b4%e6%98%8e\/\",\"name\":\"\u7248\u672c\u8bf4\u660e - Segkapital\",\"isPartOf\":{\"@id\":\"https:\/\/segkapital.com\/zh-hans\/#website\"},\"datePublished\":\"2023-12-13T15:46:24+00:00\",\"dateModified\":\"2024-11-24T19:17:35+00:00\",\"breadcrumb\":{\"@id\":\"https:\/\/segkapital.com\/zh-hans\/%e7%89%88%e6%9c%ac%e8%af%b4%e6%98%8e\/#breadcrumb\"},\"inLanguage\":\"zh-Hans\",\"potentialAction\":[{\"@type\":\"ReadAction\",\"target\":[\"https:\/\/segkapital.com\/zh-hans\/%e7%89%88%e6%9c%ac%e8%af%b4%e6%98%8e\/\"]}]},{\"@type\":\"BreadcrumbList\",\"@id\":\"https:\/\/segkapital.com\/zh-hans\/%e7%89%88%e6%9c%ac%e8%af%b4%e6%98%8e\/#breadcrumb\",\"itemListElement\":[{\"@type\":\"ListItem\",\"position\":1,\"name\":\"Home\",\"item\":\"https:\/\/segkapital.com\/zh-hans\/\"},{\"@type\":\"ListItem\",\"position\":2,\"name\":\"\u7248\u672c\u8bf4\u660e\"}]},{\"@type\":\"WebSite\",\"@id\":\"https:\/\/segkapital.com\/zh-hans\/#website\",\"url\":\"https:\/\/segkapital.com\/zh-hans\/\",\"name\":\"SeG Kapital\",\"description\":\"\",\"publisher\":{\"@id\":\"https:\/\/segkapital.com\/zh-hans\/#organization\"},\"potentialAction\":[{\"@type\":\"SearchAction\",\"target\":{\"@type\":\"EntryPoint\",\"urlTemplate\":\"https:\/\/segkapital.com\/zh-hans\/?s={search_term_string}\"},\"query-input\":\"required name=search_term_string\"}],\"inLanguage\":\"zh-Hans\"},{\"@type\":\"Organization\",\"@id\":\"https:\/\/segkapital.com\/zh-hans\/#organization\",\"name\":\"SeG Kapital\",\"url\":\"https:\/\/segkapital.com\/zh-hans\/\",\"logo\":{\"@type\":\"ImageObject\",\"inLanguage\":\"zh-Hans\",\"@id\":\"https:\/\/segkapital.com\/zh-hans\/#\/schema\/logo\/image\/\",\"url\":\"https:\/\/segkapital.com\/wp-content\/uploads\/2024\/01\/SeG_final_logo_versions_rgb_transparent_red.png\",\"contentUrl\":\"https:\/\/segkapital.com\/wp-content\/uploads\/2024\/01\/SeG_final_logo_versions_rgb_transparent_red.png\",\"width\":1275,\"height\":214,\"caption\":\"SeG Kapital\"},\"image\":{\"@id\":\"https:\/\/segkapital.com\/zh-hans\/#\/schema\/logo\/image\/\"}}]}<\/script>\n<!-- \/ Yoast SEO plugin. -->","yoast_head_json":{"title":"\u7248\u672c\u8bf4\u660e - Segkapital","robots":{"index":"index","follow":"follow","max-snippet":"max-snippet:-1","max-image-preview":"max-image-preview:large","max-video-preview":"max-video-preview:-1"},"canonical":"https:\/\/segkapital.com\/zh-hans\/%e7%89%88%e6%9c%ac%e8%af%b4%e6%98%8e\/","og_locale":"zh_CN","og_type":"article","og_title":"\u7248\u672c\u8bf4\u660e - Segkapital","og_description":"\u5370\u8c61\u6df1\u523b Verantwortlich f\u00fcr den Inhalt dieser Webseite gem\u00e4 [&hellip;]","og_url":"https:\/\/segkapital.com\/zh-hans\/%e7%89%88%e6%9c%ac%e8%af%b4%e6%98%8e\/","og_site_name":"Segkapital","article_modified_time":"2024-11-24T19:17:35+00:00","twitter_card":"summary_large_image","twitter_misc":{"Written by":"SeG Kapital"},"schema":{"@context":"https:\/\/schema.org","@graph":[{"@type":"WebPage","@id":"https:\/\/segkapital.com\/zh-hans\/%e7%89%88%e6%9c%ac%e8%af%b4%e6%98%8e\/","url":"https:\/\/segkapital.com\/zh-hans\/%e7%89%88%e6%9c%ac%e8%af%b4%e6%98%8e\/","name":"\u7248\u672c\u8bf4\u660e - Segkapital","isPartOf":{"@id":"https:\/\/segkapital.com\/zh-hans\/#website"},"datePublished":"2023-12-13T15:46:24+00:00","dateModified":"2024-11-24T19:17:35+00:00","breadcrumb":{"@id":"https:\/\/segkapital.com\/zh-hans\/%e7%89%88%e6%9c%ac%e8%af%b4%e6%98%8e\/#breadcrumb"},"inLanguage":"zh-Hans","potentialAction":[{"@type":"ReadAction","target":["https:\/\/segkapital.com\/zh-hans\/%e7%89%88%e6%9c%ac%e8%af%b4%e6%98%8e\/"]}]},{"@type":"BreadcrumbList","@id":"https:\/\/segkapital.com\/zh-hans\/%e7%89%88%e6%9c%ac%e8%af%b4%e6%98%8e\/#breadcrumb","itemListElement":[{"@type":"ListItem","position":1,"name":"Home","item":"https:\/\/segkapital.com\/zh-hans\/"},{"@type":"ListItem","position":2,"name":"\u7248\u672c\u8bf4\u660e"}]},{"@type":"WebSite","@id":"https:\/\/segkapital.com\/zh-hans\/#website","url":"https:\/\/segkapital.com\/zh-hans\/","name":"SeG Kapital","description":"","publisher":{"@id":"https:\/\/segkapital.com\/zh-hans\/#organization"},"potentialAction":[{"@type":"SearchAction","target":{"@type":"EntryPoint","urlTemplate":"https:\/\/segkapital.com\/zh-hans\/?s={search_term_string}"},"query-input":"required name=search_term_string"}],"inLanguage":"zh-Hans"},{"@type":"Organization","@id":"https:\/\/segkapital.com\/zh-hans\/#organization","name":"SeG Kapital","url":"https:\/\/segkapital.com\/zh-hans\/","logo":{"@type":"ImageObject","inLanguage":"zh-Hans","@id":"https:\/\/segkapital.com\/zh-hans\/#\/schema\/logo\/image\/","url":"https:\/\/segkapital.com\/wp-content\/uploads\/2024\/01\/SeG_final_logo_versions_rgb_transparent_red.png","contentUrl":"https:\/\/segkapital.com\/wp-content\/uploads\/2024\/01\/SeG_final_logo_versions_rgb_transparent_red.png","width":1275,"height":214,"caption":"SeG Kapital"},"image":{"@id":"https:\/\/segkapital.com\/zh-hans\/#\/schema\/logo\/image\/"}}]}},"_links":{"self":[{"href":"https:\/\/segkapital.com\/zh-hans\/wp-json\/wp\/v2\/pages\/182393","targetHints":{"allow":["GET"]}}],"collection":[{"href":"https:\/\/segkapital.com\/zh-hans\/wp-json\/wp\/v2\/pages"}],"about":[{"href":"https:\/\/segkapital.com\/zh-hans\/wp-json\/wp\/v2\/types\/page"}],"author":[{"embeddable":true,"href":"https:\/\/segkapital.com\/zh-hans\/wp-json\/wp\/v2\/users\/1"}],"replies":[{"embeddable":true,"href":"https:\/\/segkapital.com\/zh-hans\/wp-json\/wp\/v2\/comments?post=182393"}],"version-history":[{"count":1,"href":"https:\/\/segkapital.com\/zh-hans\/wp-json\/wp\/v2\/pages\/182393\/revisions"}],"predecessor-version":[{"id":182394,"href":"https:\/\/segkapital.com\/zh-hans\/wp-json\/wp\/v2\/pages\/182393\/revisions\/182394"}],"wp:attachment":[{"href":"https:\/\/segkapital.com\/zh-hans\/wp-json\/wp\/v2\/media?parent=182393"}],"wp:term":[{"taxonomy":"author","embeddable":true,"href":"https:\/\/segkapital.com\/zh-hans\/wp-json\/wp\/v2\/coauthors?post=182393"}],"curies":[{"name":"wp","href":"https:\/\/api.w.org\/{rel}","templated":true}]}}